{"id":5450,"date":"2025-10-08T22:50:01","date_gmt":"2025-10-08T22:50:01","guid":{"rendered":"https:\/\/carrollinjury.com\/politica-de-privacidad\/"},"modified":"2025-10-28T20:22:09","modified_gmt":"2025-10-28T20:22:09","slug":"politica-de-privacidad","status":"publish","type":"page","link":"https:\/\/carrollinjury.com\/es\/politica-de-privacidad\/","title":{"rendered":"Pol\u00edtica de privacidad"},"content":{"rendered":"<div class=\"wpb-content-wrapper\"><p>[vc_row wrap_container=\u00bbyes\u00bb conditional_render=\u00bb%5B%7B%22value_role%22%3A%22administrator%22%7D%5D\u00bb][vc_column][vc_column_text css=\u00bb.vc_custom_1760035454698{margin-top: 0px !important;margin-bottom: 0px !important;padding-top: 30px !important;padding-bottom: 30px !important;}\u00bb]<\/p>\n<h1>Pol\u00edtica de privacidad<\/h1>\n<p><strong><span style=\"font-size: 20px;\">Fecha de entrada en vigor: 23 de septiembre de 2025<\/span><\/strong><\/p>\n<p><span style=\"font-size: 18px;\"><strong>Carroll Injury Law, PLLC<\/strong> (\u201cnosotros\u201d o \u201cnuestro\u201d) se compromete a salvaguardar su privacidad y a cumplir con todas las leyes aplicables, incluidas las normas de Florida sobre privacidad, publicidad y protecci\u00f3n del consumidor. Esta Pol\u00edtica de privacidad explica c\u00f3mo recopilamos, utilizamos, divulgamos y protegemos su informaci\u00f3n cuando visita nuestro sitio web carrollinjury.com (el \u201cSitio web\u201d), env\u00eda un formulario de evaluaci\u00f3n de caso o se comunica con nosotros por tel\u00e9fono, mensaje de texto o correo electr\u00f3nico. <\/span><\/p>\n<p><span style=\"font-size: 18px;\">Al utilizar este sitio web o proporcionar su informaci\u00f3n personal, usted acepta las pr\u00e1cticas descritas en esta Pol\u00edtica de privacidad.<\/span><\/p>\n<h2>1. Informaci\u00f3n que recopilamos<\/h2>\n<p><span style=\"font-size: 20px;\"><strong>Informaci\u00f3n personal<\/strong><\/span><\/p>\n<p><span style=\"font-size: 18px;\">Podemos recopilar informaci\u00f3n personal que pueda identificarle, incluyendo:<\/span><\/p>\n<ul>\n<li><span style=\"font-size: 18px;\">Nombre<\/span><\/li>\n<li><span style=\"font-size: 18px;\">Datos de contacto (n\u00famero de tel\u00e9fono, direcci\u00f3n de correo electr\u00f3nico, direcci\u00f3n postal)<\/span><\/li>\n<li><span style=\"font-size: 18px;\">Informaci\u00f3n proporcionada a trav\u00e9s de nuestro formulario de evaluaci\u00f3n de caso (por ejemplo, detalles sobre su asunto legal o lesi\u00f3n)<\/span><\/li>\n<li><span style=\"font-size: 18px;\">Cualquier informaci\u00f3n adicional que proporcione voluntariamente al ponerse en contacto con nuestro bufete<\/span><\/li>\n<\/ul>\n<p><span style=\"font-size: 18px;\">Esta informaci\u00f3n se utiliza \u00fanicamente para responder a sus preguntas, prestar servicios jur\u00eddicos y mantener la comunicaci\u00f3n con usted.<\/span><\/p>\n<p><span style=\"font-size: 20px;\"><strong>Informaci\u00f3n no personal y t\u00e9cnica<\/strong><\/span><\/p>\n<p><span style=\"font-size: 18px;\">Podemos recopilar informaci\u00f3n que no le identifique directamente, como:<\/span><\/p>\n<ul>\n<li><span style=\"font-size: 18px;\">Tipo de navegador, tipo de dispositivo y sistema operativo<\/span><\/li>\n<li><span style=\"font-size: 18px;\">Direcci\u00f3n IP y datos de geolocalizaci\u00f3n<\/span><\/li>\n<li><span style=\"font-size: 18px;\">P\u00e1ginas visitadas, tiempo de permanencia y URL de referencia<\/span><\/li>\n<li><span style=\"font-size: 18px;\">Fecha y hora de su visita<\/span><\/li>\n<li><span style=\"font-size: 18px;\">Nombre del proveedor de servicios de Internet<\/span><\/li>\n<\/ul>\n<p><span style=\"font-size: 18px;\">Estos datos nos ayudan a mejorar la experiencia del usuario, la funcionalidad del sitio web y la seguridad.<\/span><\/p>\n<p><span style=\"font-size: 20px;\"><strong>Informaci\u00f3n recopilada autom\u00e1ticamente<\/strong><\/span><\/p>\n<p><span style=\"font-size: 18px;\">Podemos utilizar cookies, an\u00e1lisis y tecnolog\u00edas similares para recopilar datos sobre su interacci\u00f3n con nuestro sitio web. Puede desactivar las cookies en la configuraci\u00f3n de su navegador, pero hacerlo puede afectar a ciertas funciones del sitio web. <\/span><\/p>\n<h2>2. C\u00f3mo recopilamos la informaci\u00f3n<\/h2>\n<p><span style=\"font-size: 20px;\"><strong>Recopilamos informaci\u00f3n de las siguientes maneras:<\/strong><\/span><\/p>\n<ul>\n<li><span style=\"font-size: 18px;\">Directamente de usted: Cuando rellena un formulario, llama, env\u00eda un correo electr\u00f3nico o se pone en contacto con nuestro bufete de otra manera.<\/span><\/li>\n<li><span style=\"font-size: 18px;\">Autom\u00e1ticamente: A trav\u00e9s de cookies, balizas web, herramientas de an\u00e1lisis y archivos de registro.<\/span><\/li>\n<li><span style=\"font-size: 18px;\">De terceros: Como proveedores de an\u00e1lisis, plataformas publicitarias o socios de referencia, en cumplimiento de las leyes aplicables.<\/span><\/li>\n<\/ul>\n<h2>3. C\u00f3mo utilizamos su informaci\u00f3n<\/h2>\n<p><span style=\"font-size: 20px;\"><strong>Podemos utilizar su informaci\u00f3n para:<\/strong><\/span><\/p>\n<ul>\n<li><span style=\"font-size: 18px;\">Responder a sus preguntas y prestar servicios jur\u00eddicos.<\/span><\/li>\n<li><span style=\"font-size: 18px;\">Evaluar su caso si env\u00eda un formulario de evaluaci\u00f3n de caso.<\/span><\/li>\n<li><span style=\"font-size: 18px;\">Comunicarnos con usted por mensaje de texto, correo electr\u00f3nico o tel\u00e9fono (con su consentimiento).<\/span><\/li>\n<li><span style=\"font-size: 18px;\">Mejorar nuestro sitio web, servicios y experiencia del cliente.<\/span><\/li>\n<li><span style=\"font-size: 18px;\">Enviar actualizaciones legales, boletines informativos o comunicaciones de marketing (si se suscribe).<\/span><\/li>\n<li><span style=\"font-size: 18px;\">Cumplir con las obligaciones legales y \u00e9ticas, incluyendo el mantenimiento de registros y los requisitos del Colegio de Abogados de Florida.<\/span><\/li>\n<li><span style=\"font-size: 18px;\">Proteger los derechos, la propiedad o la seguridad de nuestro bufete y la de nuestros clientes u otros.<\/span><\/li>\n<\/ul>\n<p><span style=\"font-size: 18px;\">No venderemos, alquilaremos ni comercializaremos su informaci\u00f3n personal con fines comerciales.<\/span><\/p>\n<h2>4. Comunicaciones por mensaje de texto<\/h2>\n<p><span style=\"font-size: 18px;\">Si proporciona su n\u00famero de m\u00f3vil y env\u00eda un formulario de evaluaci\u00f3n de caso, acepta recibir mensajes de texto de \u00abCarroll Injury Law, PLLC\u00bb sobre su consulta, actualizaciones del caso, citas o noticias relevantes del bufete.<\/span><\/p>\n<p><span style=\"font-size: 20px;\"><strong>Consentimiento y frecuencia:<\/strong><\/span><\/p>\n<ul>\n<li><span style=\"font-size: 18px;\">Al enviar su n\u00famero, acepta recibir mensajes de texto de nuestra parte.<\/span><\/li>\n<li><span style=\"font-size: 18px;\">La frecuencia de los mensajes var\u00eda seg\u00fan la consulta o el estado del caso.<\/span><\/li>\n<\/ul>\n<p><span style=\"font-size: 20px;\"><strong>Exclusi\u00f3n:<\/strong><\/span><\/p>\n<ul>\n<li><span style=\"font-size: 18px;\">Puede optar por no participar en cualquier momento poni\u00e9ndose en contacto con la siguiente direcci\u00f3n de correo electr\u00f3nico e incluyendo \u201c<strong>STOP<\/strong>\u201d en el asunto: <a href=\"mailto:patrick@carrollinjury.com\" target=\"_blank\" rel=\"noopener\">patrick@carrollinjury.com<\/a>.<\/span><\/li>\n<\/ul>\n<p><span style=\"font-size: 20px;\"><strong>Costes:<\/strong><\/span><\/p>\n<ul>\n<li><span style=\"font-size: 18px;\">Pueden aplicarse tarifas est\u00e1ndar de mensajes y datos, dependiendo de su operador.<\/span><\/li>\n<\/ul>\n<p><strong><span style=\"font-size: 20px;\">Sin relaci\u00f3n abogado-cliente:<\/span><\/strong><\/p>\n<ul>\n<li><span style=\"font-size: 18px;\">El env\u00edo de mensajes de texto por s\u00ed solo no crea una relaci\u00f3n abogado-cliente. Una relaci\u00f3n abogado-cliente solo se establece mediante un acuerdo escrito. <\/span><\/li>\n<\/ul>\n<h2>5. C\u00f3mo compartimos la informaci\u00f3n<\/h2>\n<p><span style=\"font-size: 18px;\">El acceso a los datos personales est\u00e1 limitado a los empleados y proveedores de servicios autorizados que los necesitan para realizar las funciones empresariales necesarias.<\/span><br \/><span style=\"font-size: 18px;\">Podemos compartir datos limitados con:<\/span><\/p>\n<ul>\n<li><span style=\"font-size: 18px;\">Proveedores de confianza que prestan soporte tecnol\u00f3gico, de seguridad o de marketing.<\/span><\/li>\n<li><span style=\"font-size: 18px;\">Autoridades legales o reguladoras si as\u00ed lo exige la ley o una orden judicial.<\/span><\/li>\n<\/ul>\n<p><span style=\"font-size: 18px;\">No vendemos, alquilamos ni compartimos su informaci\u00f3n con terceros para sus propios fines de marketing.<\/span><\/p>\n<h2>6. Seguridad de los datos<\/h2>\n<p><span style=\"font-size: 18px;\">Empleamos medidas de seguridad f\u00edsicas, electr\u00f3nicas y administrativas razonables para proteger sus datos. Sin embargo, ning\u00fan sistema en l\u00ednea es completamente seguro. Al utilizar nuestro sitio web, usted reconoce que la transmisi\u00f3n de informaci\u00f3n a trav\u00e9s de Internet conlleva riesgos inherentes.  <\/span><\/p>\n<p><span style=\"font-size: 18px;\">Si cree que sus datos han sido comprometidos, p\u00f3ngase en contacto con nosotros inmediatamente en <a href=\"mailto:patrick@carrollinjury.com\" target=\"_blank\" rel=\"noopener\">patrick@carrollinjury.com<\/a>.<\/span><\/p>\n<h2>7. Servicios y enlaces de terceros<\/h2>\n<p><span style=\"font-size: 18px;\">Nuestro sitio web puede enlazar con sitios web o servicios externos (por ejemplo, Google Maps, formularios de contacto, herramientas de an\u00e1lisis). No somos responsables de sus pr\u00e1cticas de privacidad. Revise las pol\u00edticas de privacidad de cualquier sitio externo que visite.  <\/span><\/p>\n<h2><strong>8. Confidencialidad del cliente<\/strong><\/h2>\n<p><span style=\"font-size: 18px;\">La informaci\u00f3n compartida en relaci\u00f3n con una posible evaluaci\u00f3n del caso puede considerarse confidencial; sin embargo, el env\u00edo de informaci\u00f3n a trav\u00e9s del sitio web <strong>no<\/strong> establece una relaci\u00f3n abogado-cliente. Para que comience la representaci\u00f3n, debe ejecutarse un acuerdo formal por escrito. <\/span><\/p>\n<h2>9. Privacidad de los ni\u00f1os<\/h2>\n<p><span style=\"font-size: 18px;\">Nuestro sitio web no est\u00e1 destinado a personas menores de 18 a\u00f1os. No recopilamos conscientemente informaci\u00f3n de menores. Si cree que un ni\u00f1o ha enviado datos, p\u00f3ngase en contacto con nosotros para que puedan ser eliminados.  <\/span><\/p>\n<h2>10. Sus opciones y derechos<\/h2>\n<p><span style=\"font-size: 18px;\">Puede optar por no recibir futuras comunicaciones de marketing de nuestra parte en cualquier momento. Tambi\u00e9n tiene derecho a: <\/span><\/p>\n<ul>\n<li><span style=\"font-size: 18px;\"> Ver qu\u00e9 datos tenemos sobre usted (si los hay)<\/span><\/li>\n<li><span style=\"font-size: 18px;\">Corregir o actualizar cualquier dato que tengamos sobre usted<\/span><\/li>\n<li><span style=\"font-size: 18px;\">Solicitar que eliminemos cualquier dato que tengamos sobre usted<\/span><\/li>\n<li><span style=\"font-size: 18px;\">Optar por no recibir futuras comunicaciones de marketing<\/span><\/li>\n<\/ul>\n<p><span style=\"font-size: 18px;\"><span data-olk-copy-source=\"MessageBody\">Para ejercer estos derechos, p\u00f3ngase en contacto con nosotros a trav\u00e9s de nuestro <a href=\"https:\/\/carrollinjury.com\/es\/contactenos\/\">formulario de contacto<\/a>.&nbsp;<\/span><\/span><\/p>\n<h2>11. Actualizaciones de esta pol\u00edtica<\/h2>\n<p><span style=\"font-size: 18px;\">Podemos actualizar esta Pol\u00edtica de privacidad peri\u00f3dicamente para reflejar los cambios en nuestras pr\u00e1cticas o en la legislaci\u00f3n aplicable. Las actualizaciones se publicar\u00e1n en esta p\u00e1gina con una \u201cFecha de entrada en vigor\u201d revisada. <\/span><\/p>\n<h2>12. P\u00f3ngase en contacto con nosotros<\/h2>\n<p><span style=\"font-size: 18px;\">Si tiene preguntas, dudas o solicitudes relacionadas con esta Pol\u00edtica de privacidad o con nuestras pr\u00e1cticas de privacidad, p\u00f3ngase en contacto con:<\/span><\/p>\n<p><span style=\"font-size: 20px;\"><strong>Carroll Injury Law, PLLC<\/strong><\/span><br \/>Correo electr\u00f3nico: <a href=\"mailto:patrick@carrollinjury.com\" target=\"_blank\" rel=\"noopener\">patrick@carrollinjury.com<\/a><br \/>Sitio web: <a href=\"https:\/\/carrollinjury.com\/es\/\">carrollinjury.com<\/a><br \/>Tel\u00e9fono: <a href=\"tel:7543454583\" target=\"_blank\" rel=\"noopener\">754.345.4583<\/a>[\/vc_column_text][\/vc_column][\/vc_row]<\/p>\n<\/div>","protected":false},"excerpt":{"rendered":"<p>[vc_row wrap_container=\u00bbyes\u00bb conditional_render=\u00bb%5B%7B%22value_role%22%3A%22administrator%22%7D%5D\u00bb][vc_column][vc_column_text css=\u00bb.vc_custom_1760035454698{margin-top: 0px !important;margin-bottom: 0px !important;padding-top: 30px !important;padding-bottom: 30px !important;}\u00bb] Pol\u00edtica de privacidad Fecha de entrada en vigor: 23 de septiembre de 2025 Carroll Injury Law, PLLC (\u201cnosotros\u201d o \u201cnuestro\u201d) se compromete a salvaguardar su privacidad y a cumplir con todas las leyes aplicables, incluidas las normas de Florida sobre privacidad, publicidad y [&hellip;]<\/p>\n","protected":false},"author":1,"featured_media":0,"parent":0,"menu_order":0,"comment_status":"closed","ping_status":"closed","template":"","meta":{"footnotes":""},"class_list":["post-5450","page","type-page","status-publish","hentry"],"yoast_head":"<!-- This site is optimized with the Yoast SEO plugin v27.4 - https:\/\/yoast.com\/product\/yoast-seo-wordpress\/ -->\n<title>Pol\u00edtica de privacidad - Carroll Injury Law<\/title>\n<meta name=\"robots\" content=\"index, follow, max-snippet:-1, max-image-preview:large, max-video-preview:-1\" \/>\n<link rel=\"canonical\" href=\"https:\/\/carrollinjury.com\/es\/politica-de-privacidad\/\" \/>\n<meta property=\"og:locale\" content=\"es_ES\" \/>\n<meta property=\"og:type\" content=\"article\" \/>\n<meta property=\"og:title\" content=\"Pol\u00edtica de privacidad - Carroll Injury Law\" \/>\n<meta property=\"og:description\" content=\"[vc_row wrap_container=\u00bbyes\u00bb conditional_render=\u00bb%5B%7B%22value_role%22%3A%22administrator%22%7D%5D\u00bb][vc_column][vc_column_text css=\u00bb.vc_custom_1760035454698{margin-top: 0px !important;margin-bottom: 0px !important;padding-top: 30px !important;padding-bottom: 30px !important;}\u00bb] Pol\u00edtica de privacidad Fecha de entrada en vigor: 23 de septiembre de 2025 Carroll Injury Law, PLLC (\u201cnosotros\u201d o \u201cnuestro\u201d) se compromete a salvaguardar su privacidad y a cumplir con todas las leyes aplicables, incluidas las normas de Florida sobre privacidad, publicidad y [&hellip;]\" \/>\n<meta property=\"og:url\" content=\"https:\/\/carrollinjury.com\/es\/politica-de-privacidad\/\" \/>\n<meta property=\"og:site_name\" content=\"Carroll Injury Law\" \/>\n<meta property=\"article:modified_time\" content=\"2025-10-28T20:22:09+00:00\" \/>\n<meta name=\"twitter:card\" content=\"summary_large_image\" \/>\n<meta name=\"twitter:label1\" content=\"Tiempo de lectura\" \/>\n\t<meta name=\"twitter:data1\" content=\"6 minutos\" \/>\n<script type=\"application\/ld+json\" class=\"yoast-schema-graph\">{\"@context\":\"https:\\\/\\\/schema.org\",\"@graph\":[{\"@type\":\"WebPage\",\"@id\":\"https:\\\/\\\/carrollinjury.com\\\/es\\\/politica-de-privacidad\\\/\",\"url\":\"https:\\\/\\\/carrollinjury.com\\\/es\\\/politica-de-privacidad\\\/\",\"name\":\"Pol\u00edtica de privacidad - Carroll Injury Law\",\"isPartOf\":{\"@id\":\"https:\\\/\\\/carrollinjury.com\\\/es\\\/#website\"},\"datePublished\":\"2025-10-08T22:50:01+00:00\",\"dateModified\":\"2025-10-28T20:22:09+00:00\",\"breadcrumb\":{\"@id\":\"https:\\\/\\\/carrollinjury.com\\\/es\\\/politica-de-privacidad\\\/#breadcrumb\"},\"inLanguage\":\"es\",\"potentialAction\":[{\"@type\":\"ReadAction\",\"target\":[\"https:\\\/\\\/carrollinjury.com\\\/es\\\/politica-de-privacidad\\\/\"]}]},{\"@type\":\"BreadcrumbList\",\"@id\":\"https:\\\/\\\/carrollinjury.com\\\/es\\\/politica-de-privacidad\\\/#breadcrumb\",\"itemListElement\":[{\"@type\":\"ListItem\",\"position\":1,\"name\":\"Home\",\"item\":\"https:\\\/\\\/carrollinjury.com\\\/es\\\/inicio\\\/\"},{\"@type\":\"ListItem\",\"position\":2,\"name\":\"Pol\u00edtica de privacidad\"}]},{\"@type\":\"WebSite\",\"@id\":\"https:\\\/\\\/carrollinjury.com\\\/es\\\/#website\",\"url\":\"https:\\\/\\\/carrollinjury.com\\\/es\\\/\",\"name\":\"Carroll Injury Law\",\"description\":\"Florida Personal Injury Law Firm\",\"publisher\":{\"@id\":\"https:\\\/\\\/carrollinjury.com\\\/es\\\/#organization\"},\"potentialAction\":[{\"@type\":\"SearchAction\",\"target\":{\"@type\":\"EntryPoint\",\"urlTemplate\":\"https:\\\/\\\/carrollinjury.com\\\/es\\\/?s={search_term_string}\"},\"query-input\":{\"@type\":\"PropertyValueSpecification\",\"valueRequired\":true,\"valueName\":\"search_term_string\"}}],\"inLanguage\":\"es\"},{\"@type\":\"Organization\",\"@id\":\"https:\\\/\\\/carrollinjury.com\\\/es\\\/#organization\",\"name\":\"Carroll Injury Law\",\"url\":\"https:\\\/\\\/carrollinjury.com\\\/es\\\/\",\"logo\":{\"@type\":\"ImageObject\",\"inLanguage\":\"es\",\"@id\":\"https:\\\/\\\/carrollinjury.com\\\/es\\\/#\\\/schema\\\/logo\\\/image\\\/\",\"url\":\"https:\\\/\\\/carrollinjury.com\\\/wp-content\\\/uploads\\\/2025\\\/09\\\/carroll-injury-law-graphic.jpg\",\"contentUrl\":\"https:\\\/\\\/carrollinjury.com\\\/wp-content\\\/uploads\\\/2025\\\/09\\\/carroll-injury-law-graphic.jpg\",\"width\":860,\"height\":285,\"caption\":\"Carroll Injury Law\"},\"image\":{\"@id\":\"https:\\\/\\\/carrollinjury.com\\\/es\\\/#\\\/schema\\\/logo\\\/image\\\/\"}}]}<\/script>\n<!-- \/ Yoast SEO plugin. -->","yoast_head_json":{"title":"Pol\u00edtica de privacidad - Carroll Injury Law","robots":{"index":"index","follow":"follow","max-snippet":"max-snippet:-1","max-image-preview":"max-image-preview:large","max-video-preview":"max-video-preview:-1"},"canonical":"https:\/\/carrollinjury.com\/es\/politica-de-privacidad\/","og_locale":"es_ES","og_type":"article","og_title":"Pol\u00edtica de privacidad - Carroll Injury Law","og_description":"[vc_row wrap_container=\u00bbyes\u00bb conditional_render=\u00bb%5B%7B%22value_role%22%3A%22administrator%22%7D%5D\u00bb][vc_column][vc_column_text css=\u00bb.vc_custom_1760035454698{margin-top: 0px !important;margin-bottom: 0px !important;padding-top: 30px !important;padding-bottom: 30px !important;}\u00bb] Pol\u00edtica de privacidad Fecha de entrada en vigor: 23 de septiembre de 2025 Carroll Injury Law, PLLC (\u201cnosotros\u201d o \u201cnuestro\u201d) se compromete a salvaguardar su privacidad y a cumplir con todas las leyes aplicables, incluidas las normas de Florida sobre privacidad, publicidad y [&hellip;]","og_url":"https:\/\/carrollinjury.com\/es\/politica-de-privacidad\/","og_site_name":"Carroll Injury Law","article_modified_time":"2025-10-28T20:22:09+00:00","twitter_card":"summary_large_image","twitter_misc":{"Tiempo de lectura":"6 minutos"},"schema":{"@context":"https:\/\/schema.org","@graph":[{"@type":"WebPage","@id":"https:\/\/carrollinjury.com\/es\/politica-de-privacidad\/","url":"https:\/\/carrollinjury.com\/es\/politica-de-privacidad\/","name":"Pol\u00edtica de privacidad - Carroll Injury Law","isPartOf":{"@id":"https:\/\/carrollinjury.com\/es\/#website"},"datePublished":"2025-10-08T22:50:01+00:00","dateModified":"2025-10-28T20:22:09+00:00","breadcrumb":{"@id":"https:\/\/carrollinjury.com\/es\/politica-de-privacidad\/#breadcrumb"},"inLanguage":"es","potentialAction":[{"@type":"ReadAction","target":["https:\/\/carrollinjury.com\/es\/politica-de-privacidad\/"]}]},{"@type":"BreadcrumbList","@id":"https:\/\/carrollinjury.com\/es\/politica-de-privacidad\/#breadcrumb","itemListElement":[{"@type":"ListItem","position":1,"name":"Home","item":"https:\/\/carrollinjury.com\/es\/inicio\/"},{"@type":"ListItem","position":2,"name":"Pol\u00edtica de privacidad"}]},{"@type":"WebSite","@id":"https:\/\/carrollinjury.com\/es\/#website","url":"https:\/\/carrollinjury.com\/es\/","name":"Carroll Injury Law","description":"Florida Personal Injury Law Firm","publisher":{"@id":"https:\/\/carrollinjury.com\/es\/#organization"},"potentialAction":[{"@type":"SearchAction","target":{"@type":"EntryPoint","urlTemplate":"https:\/\/carrollinjury.com\/es\/?s={search_term_string}"},"query-input":{"@type":"PropertyValueSpecification","valueRequired":true,"valueName":"search_term_string"}}],"inLanguage":"es"},{"@type":"Organization","@id":"https:\/\/carrollinjury.com\/es\/#organization","name":"Carroll Injury Law","url":"https:\/\/carrollinjury.com\/es\/","logo":{"@type":"ImageObject","inLanguage":"es","@id":"https:\/\/carrollinjury.com\/es\/#\/schema\/logo\/image\/","url":"https:\/\/carrollinjury.com\/wp-content\/uploads\/2025\/09\/carroll-injury-law-graphic.jpg","contentUrl":"https:\/\/carrollinjury.com\/wp-content\/uploads\/2025\/09\/carroll-injury-law-graphic.jpg","width":860,"height":285,"caption":"Carroll Injury Law"},"image":{"@id":"https:\/\/carrollinjury.com\/es\/#\/schema\/logo\/image\/"}}]}},"_links":{"self":[{"href":"https:\/\/carrollinjury.com\/es\/wp-json\/wp\/v2\/pages\/5450","targetHints":{"allow":["GET"]}}],"collection":[{"href":"https:\/\/carrollinjury.com\/es\/wp-json\/wp\/v2\/pages"}],"about":[{"href":"https:\/\/carrollinjury.com\/es\/wp-json\/wp\/v2\/types\/page"}],"author":[{"embeddable":true,"href":"https:\/\/carrollinjury.com\/es\/wp-json\/wp\/v2\/users\/1"}],"replies":[{"embeddable":true,"href":"https:\/\/carrollinjury.com\/es\/wp-json\/wp\/v2\/comments?post=5450"}],"version-history":[{"count":8,"href":"https:\/\/carrollinjury.com\/es\/wp-json\/wp\/v2\/pages\/5450\/revisions"}],"predecessor-version":[{"id":5462,"href":"https:\/\/carrollinjury.com\/es\/wp-json\/wp\/v2\/pages\/5450\/revisions\/5462"}],"wp:attachment":[{"href":"https:\/\/carrollinjury.com\/es\/wp-json\/wp\/v2\/media?parent=5450"}],"curies":[{"name":"wp","href":"https:\/\/api.w.org\/{rel}","templated":true}]}}