{"id":5422,"date":"2025-10-09T00:45:14","date_gmt":"2025-10-09T00:45:14","guid":{"rendered":"https:\/\/carrollinjury.com\/terminos-y-condiciones\/"},"modified":"2025-10-28T20:22:09","modified_gmt":"2025-10-28T20:22:09","slug":"terminos-y-condiciones","status":"publish","type":"page","link":"https:\/\/carrollinjury.com\/es\/terminos-y-condiciones\/","title":{"rendered":"T\u00e9rminos y condiciones"},"content":{"rendered":"<div class=\"wpb-content-wrapper\"><p>[vc_row wrap_container=\u00bbyes\u00bb conditional_render=\u00bb%5B%7B%22value_role%22%3A%22administrator%22%7D%5D\u00bb][vc_column][vc_column_text css=\u00bb.vc_custom_1760047603055{margin-top: 0px !important;margin-bottom: 0px !important;padding-top: 30px !important;padding-bottom: 30px !important;}\u00bb]<\/p>\n<h1>T\u00e9rminos y condiciones<\/h1>\n<p><span style=\"font-size: 20px;\"><strong>Fecha de entrada en vigor: 23 de septiembre de 2025<\/strong><\/span><\/p>\n<p><span style=\"font-size: 18px;\">Bienvenido al sitio web de <strong>Carroll Injury Law, PLLC<\/strong> (\u201cCarroll Injury Law\u201d, \u201cnosotros\u201d o \u201cnuestro\u201d). Al acceder a este sitio web, ubicado en carrollinjury.com, el \u201cSitio web\u201d, usted acepta cumplir y estar sujeto a los siguientes T\u00e9rminos y condiciones (\u201cT\u00e9rminos\u201d). Revise estos T\u00e9rminos cuidadosamente. Si no est\u00e1 de acuerdo con estos T\u00e9rminos, no debe utilizar este sitio web.   <\/span><\/p>\n<h2>1. Ausencia de relaci\u00f3n abogado-cliente<\/h2>\n<p><span style=\"font-size: 18px;\">La informaci\u00f3n de este sitio web se proporciona \u00fanicamente con fines informativos generales y no constituye asesoramiento legal.<br \/>\n<\/span><br \/>\n<span style=\"font-size: 18px;\">Su uso de este sitio web, incluido el env\u00edo de un formulario de contacto o de evaluaci\u00f3n de caso, no crea una relaci\u00f3n abogado-cliente entre usted y <strong>Carroll Injury Law, PLLC<\/strong>.<\/span><\/p>\n<p><span style=\"font-size: 18px;\">Una relaci\u00f3n abogado-cliente solo se establece a trav\u00e9s de un acuerdo escrito con <strong>Carroll Injury Law<\/strong>.<\/span><\/p>\n<h2>2. Ausencia de asesoramiento legal o garant\u00eda de resultados<\/h2>\n<p><span style=\"font-size: 18px;\">Los materiales y la informaci\u00f3n contenidos en este sitio web se proporcionan \u00fanicamente con fines informativos generales y es posible que no reflejen los acontecimientos legales m\u00e1s recientes.<br \/>\n<\/span><br \/>\n<span style=\"font-size: 18px;\">Nada en este sitio web debe interpretarse como asesoramiento legal, y no debe actuar ni abstenerse de actuar bas\u00e1ndose en ninguna informaci\u00f3n proporcionada aqu\u00ed sin buscar asesoramiento profesional.<\/span><\/p>\n<p><span style=\"font-size: 18px;\">Los resultados de casos anteriores, los testimonios o los ejemplos descritos en este sitio web no garantizan resultados similares en asuntos futuros. Cada caso es \u00fanico y depende de sus hechos espec\u00edficos y de la legislaci\u00f3n aplicable. <\/span><\/p>\n<h2>3. Uso del sitio web y propiedad del contenido<\/h2>\n<p><span style=\"font-size: 18px;\">Todos los textos, gr\u00e1ficos, logotipos, im\u00e1genes y otros materiales de este sitio web son propiedad de <strong>Carroll Injury Law<\/strong> o est\u00e1n autorizados por esta y est\u00e1n protegidos por las leyes de derechos de autor, marcas comerciales y propiedad intelectual de EE. UU.<\/span> <span style=\"font-size: 18px;\">Toda reproducci\u00f3n, distribuci\u00f3n o modificaci\u00f3n por parte de <strong>Carroll Injury Law<\/strong> est\u00e1 estrictamente prohibida.<\/span><\/p>\n<h2>4. Conducta del usuario<\/h2>\n<p><span style=\"font-size: 18px;\">Al utilizar este sitio web, usted acepta no:<\/span><\/p>\n<ul>\n<li><span style=\"font-size: 18px;\">Utilizar el sitio web para fines il\u00edcitos o en violaci\u00f3n de cualquier ley local, estatal o federal aplicable.<\/span><\/li>\n<li><span style=\"font-size: 18px;\">Enviar informaci\u00f3n falsa, enga\u00f1osa o incompleta a trav\u00e9s de cualquier formulario del sitio web.<\/span><\/li>\n<li><span style=\"font-size: 18px;\">Intentar interferir o interrumpir el funcionamiento del sitio web o sus caracter\u00edsticas de seguridad.<\/span><\/li>\n<li><span style=\"font-size: 18px;\">Utilizar sistemas automatizados (como bots o scrapers) para acceder, copiar o extraer contenido del sitio web.<\/span><\/li>\n<\/ul>\n<p><span style=\"font-size: 18px;\">Nos reservamos el derecho de restringir el acceso o eliminar el contenido que infrinja estos T\u00e9rminos.<\/span><\/p>\n<h2>5. Formularios de evaluaci\u00f3n de casos y de contacto<\/h2>\n<p><span style=\"font-size: 18px;\">El env\u00edo de informaci\u00f3n a trav\u00e9s de nuestros formularios en l\u00ednea no crea una relaci\u00f3n abogado-cliente.<br \/>\n<\/span><br \/>\n<span style=\"font-size: 18px;\">Toda la informaci\u00f3n que proporcione se gestionar\u00e1 de acuerdo con nuestra <a href=\"https:\/\/carrollinjury.com\/es\/politica-de-privacidad\/\"><strong>Pol\u00edtica de privacidad<\/strong><\/a>.<\/span> <span style=\"font-size: 18px;\">Realizamos esfuerzos razonables para mantener la confidencialidad; sin embargo, la transmisi\u00f3n de informaci\u00f3n a trav\u00e9s de Internet no es totalmente segura.<\/span><\/p>\n<h2>6. Comunicaciones por mensaje de texto y correo electr\u00f3nico<\/h2>\n<p><span style=\"font-size: 18px;\">Al enviar su informaci\u00f3n de contacto, incluido su n\u00famero de tel\u00e9fono m\u00f3vil o direcci\u00f3n de correo electr\u00f3nico, usted da su consentimiento para recibir comunicaciones de <strong>Carroll Injury Law<\/strong> relacionadas con su consulta, evaluaci\u00f3n de caso o servicios, incluidos, entre otros, mensajes de texto, llamadas telef\u00f3nicas y correos electr\u00f3nicos.<\/span><\/p>\n<ul>\n<li>La frecuencia de los mensajes puede variar.<\/li>\n<li>Se pueden aplicar tarifas de mensajes y datos.<\/li>\n<li>Para darse de baja en cualquier momento, env\u00ede un mensaje de texto con la palabra STOP.<\/li>\n<li>Para obtener ayuda, env\u00ede un mensaje de texto con la palabra HELP o visite nuestro sitio web en https:\/\/carrollinjury.com.<\/li>\n<li>Visite https:\/\/carrollinjury.com\/privacy para consultar la pol\u00edtica de privacidad y https:\/\/carrollinjury.com\/terms\/ para consultar las Condiciones de servicio.<\/li>\n<\/ul>\n<h2>7. Sitios web y enlaces de terceros<\/h2>\n<p><span style=\"font-size: 18px;\">Nuestro sitio web puede contener enlaces a sitios web externos o de terceros para su comodidad. <strong>Carroll Injury Law<\/strong> no respalda, controla ni asume ninguna responsabilidad por el contenido, la exactitud o las pr\u00e1cticas de privacidad de los sitios web enlazados.<\/span> <span style=\"font-size: 18px;\">La visita a los sitios enlazados es por su cuenta y riesgo, y debe revisar sus respectivos t\u00e9rminos y pol\u00edticas de privacidad antes de utilizarlos.<\/span><\/p>\n<h2>8. Exclusi\u00f3n de garant\u00edas<\/h2>\n<p><span style=\"font-size: 18px;\">Este sitio web y toda la informaci\u00f3n contenida en el mismo se proporcionan \u201ctal cual\u201d y \u201cseg\u00fan disponibilidad\u201d sin garant\u00edas de ning\u00fan tipo, ya sean expresas o impl\u00edcitas.<\/span><\/p>\n<p><span style=\"font-size: 18px;\"><strong>Carroll Injury Law<\/strong> renuncia a todas las garant\u00edas, incluidas, entre otras, las garant\u00edas impl\u00edcitas de comerciabilidad, idoneidad para un fin determinado y no infracci\u00f3n.<\/span><\/p>\n<p><span style=\"font-size: 18px;\">No garantizamos que:<\/span><\/p>\n<ul>\n<li><span style=\"font-size: 18px;\">El sitio web est\u00e9 siempre disponible o libre de errores, virus u otros componentes da\u00f1inos.<\/span><\/li>\n<li><span style=\"font-size: 18px;\">La informaci\u00f3n proporcionada sea precisa, completa o actual en todo momento.<\/span><\/li>\n<\/ul>\n<h2>9. Limitaci\u00f3n de responsabilidad<\/h2>\n<p><span style=\"font-size: 18px;\">En la medida m\u00e1xima permitida por la ley, <strong>Carroll Injury Law, PLLC<\/strong>, sus abogados y filiales no ser\u00e1n responsables de ning\u00fan da\u00f1o de ning\u00fan tipo que surja de su uso o imposibilidad de usar este sitio web, incluidos los da\u00f1os directos, indirectos, incidentales, consecuentes o punitivos, incluso si se les ha informado de la posibilidad de tales da\u00f1os.<\/span><\/p>\n<p><span style=\"font-size: 18px;\">Su \u00fanico y exclusivo recurso por la insatisfacci\u00f3n con este sitio web es dejar de usarlo.<\/span><\/p>\n<h2>10. Indemnizaci\u00f3n<\/h2>\n<p><span style=\"font-size: 18px;\">Usted acepta indemnizar, defender y eximir de responsabilidad a <strong>Carroll Injury Law, PLLC<\/strong>, sus abogados, empleados y agentes de y contra cualquier reclamaci\u00f3n, p\u00e9rdida, responsabilidad, da\u00f1o o gasto (incluidos los honorarios de los abogados) que surjan de su uso de este sitio web o de la violaci\u00f3n de estos T\u00e9rminos.<\/span><\/p>\n<h2>11. Jurisdicci\u00f3n y legislaci\u00f3n aplicable<\/h2>\n<p><span style=\"font-size: 18px;\">Estos T\u00e9rminos se rigen e interpretan de acuerdo con las leyes del estado en el que se encuentra Carroll Injury Law, sin tener en cuenta sus principios de conflicto de leyes.<\/span><\/p>\n<h2>12. Cambios en estos T\u00e9rminos<\/h2>\n<p><span style=\"font-size: 18px;\"><strong>Carroll Injury Law<\/strong> se reserva el derecho de actualizar, modificar o reemplazar estos T\u00e9rminos en cualquier momento sin previo aviso.<\/span><\/p>\n<p><span style=\"font-size: 18px;\">Cualquier cambio entrar\u00e1 en vigor tras su publicaci\u00f3n en esta p\u00e1gina.<\/span><\/p>\n<p><span style=\"font-size: 18px;\">Su uso continuado del sitio web despu\u00e9s de que se publiquen los cambios constituye su aceptaci\u00f3n de los nuevos T\u00e9rminos.<\/span><\/p>\n<h2>13. Informaci\u00f3n de contacto<\/h2>\n<p>Si tiene preguntas sobre estos T\u00e9rminos o el funcionamiento de este sitio web, p\u00f3ngase en contacto con:<\/p>\n<p><span style=\"font-size: 20px;\"><strong>Carroll Injury Law, PLLC<\/strong><\/span><br \/>\nCorreo electr\u00f3nico: <a href=\"mailto:patrick@carrollinjury.com\" target=\"_blank\" rel=\"noopener\">patrick@carrollinjury.com<\/a><br \/>\nSitio web: <a href=\"https:\/\/carrollinjury.com\/es\/\">carrollinjury.com<\/a><br \/>\nTel\u00e9fono: <a href=\"tel:7543454583\" target=\"_blank\" rel=\"noopener\">754.345.4583<\/a>[\/vc_column_text][\/vc_column][\/vc_row]<\/p>\n<\/div>","protected":false},"excerpt":{"rendered":"<p>[vc_row wrap_container=\u00bbyes\u00bb conditional_render=\u00bb%5B%7B%22value_role%22%3A%22administrator%22%7D%5D\u00bb][vc_column][vc_column_text css=\u00bb.vc_custom_1760047603055{margin-top: 0px !important;margin-bottom: 0px !important;padding-top: 30px !important;padding-bottom: 30px !important;}\u00bb] T\u00e9rminos y condiciones Fecha de entrada en vigor: 23 de septiembre de 2025 Bienvenido al sitio web de Carroll Injury Law, PLLC (\u201cCarroll Injury Law\u201d, \u201cnosotros\u201d o \u201cnuestro\u201d). Al acceder a este sitio web, ubicado en carrollinjury.com, el \u201cSitio web\u201d, usted acepta cumplir [&hellip;]<\/p>\n","protected":false},"author":1,"featured_media":0,"parent":0,"menu_order":0,"comment_status":"closed","ping_status":"closed","template":"","meta":{"footnotes":""},"class_list":["post-5422","page","type-page","status-publish","hentry"],"yoast_head":"<!-- This site is optimized with the Yoast SEO plugin v27.4 - https:\/\/yoast.com\/product\/yoast-seo-wordpress\/ -->\n<title>T\u00e9rminos y condiciones - Carroll Injury Law<\/title>\n<meta name=\"robots\" content=\"index, follow, max-snippet:-1, max-image-preview:large, max-video-preview:-1\" \/>\n<link rel=\"canonical\" href=\"https:\/\/carrollinjury.com\/es\/terminos-y-condiciones\/\" \/>\n<meta property=\"og:locale\" content=\"es_ES\" \/>\n<meta property=\"og:type\" content=\"article\" \/>\n<meta property=\"og:title\" content=\"T\u00e9rminos y condiciones - Carroll Injury Law\" \/>\n<meta property=\"og:description\" content=\"[vc_row wrap_container=\u00bbyes\u00bb conditional_render=\u00bb%5B%7B%22value_role%22%3A%22administrator%22%7D%5D\u00bb][vc_column][vc_column_text css=\u00bb.vc_custom_1760047603055{margin-top: 0px !important;margin-bottom: 0px !important;padding-top: 30px !important;padding-bottom: 30px !important;}\u00bb] T\u00e9rminos y condiciones Fecha de entrada en vigor: 23 de septiembre de 2025 Bienvenido al sitio web de Carroll Injury Law, PLLC (\u201cCarroll Injury Law\u201d, \u201cnosotros\u201d o \u201cnuestro\u201d). Al acceder a este sitio web, ubicado en carrollinjury.com, el \u201cSitio web\u201d, usted acepta cumplir [&hellip;]\" \/>\n<meta property=\"og:url\" content=\"https:\/\/carrollinjury.com\/es\/terminos-y-condiciones\/\" \/>\n<meta property=\"og:site_name\" content=\"Carroll Injury Law\" \/>\n<meta property=\"article:modified_time\" content=\"2025-10-28T20:22:09+00:00\" \/>\n<meta name=\"twitter:card\" content=\"summary_large_image\" \/>\n<meta name=\"twitter:label1\" content=\"Tiempo de lectura\" \/>\n\t<meta name=\"twitter:data1\" content=\"6 minutos\" \/>\n<script type=\"application\/ld+json\" class=\"yoast-schema-graph\">{\"@context\":\"https:\\\/\\\/schema.org\",\"@graph\":[{\"@type\":\"WebPage\",\"@id\":\"https:\\\/\\\/carrollinjury.com\\\/es\\\/terminos-y-condiciones\\\/\",\"url\":\"https:\\\/\\\/carrollinjury.com\\\/es\\\/terminos-y-condiciones\\\/\",\"name\":\"T\u00e9rminos y condiciones - Carroll Injury Law\",\"isPartOf\":{\"@id\":\"https:\\\/\\\/carrollinjury.com\\\/es\\\/#website\"},\"datePublished\":\"2025-10-09T00:45:14+00:00\",\"dateModified\":\"2025-10-28T20:22:09+00:00\",\"breadcrumb\":{\"@id\":\"https:\\\/\\\/carrollinjury.com\\\/es\\\/terminos-y-condiciones\\\/#breadcrumb\"},\"inLanguage\":\"es\",\"potentialAction\":[{\"@type\":\"ReadAction\",\"target\":[\"https:\\\/\\\/carrollinjury.com\\\/es\\\/terminos-y-condiciones\\\/\"]}]},{\"@type\":\"BreadcrumbList\",\"@id\":\"https:\\\/\\\/carrollinjury.com\\\/es\\\/terminos-y-condiciones\\\/#breadcrumb\",\"itemListElement\":[{\"@type\":\"ListItem\",\"position\":1,\"name\":\"Home\",\"item\":\"https:\\\/\\\/carrollinjury.com\\\/es\\\/inicio\\\/\"},{\"@type\":\"ListItem\",\"position\":2,\"name\":\"T\u00e9rminos y condiciones\"}]},{\"@type\":\"WebSite\",\"@id\":\"https:\\\/\\\/carrollinjury.com\\\/es\\\/#website\",\"url\":\"https:\\\/\\\/carrollinjury.com\\\/es\\\/\",\"name\":\"Carroll Injury Law\",\"description\":\"Florida Personal Injury Law Firm\",\"publisher\":{\"@id\":\"https:\\\/\\\/carrollinjury.com\\\/es\\\/#organization\"},\"potentialAction\":[{\"@type\":\"SearchAction\",\"target\":{\"@type\":\"EntryPoint\",\"urlTemplate\":\"https:\\\/\\\/carrollinjury.com\\\/es\\\/?s={search_term_string}\"},\"query-input\":{\"@type\":\"PropertyValueSpecification\",\"valueRequired\":true,\"valueName\":\"search_term_string\"}}],\"inLanguage\":\"es\"},{\"@type\":\"Organization\",\"@id\":\"https:\\\/\\\/carrollinjury.com\\\/es\\\/#organization\",\"name\":\"Carroll Injury Law\",\"url\":\"https:\\\/\\\/carrollinjury.com\\\/es\\\/\",\"logo\":{\"@type\":\"ImageObject\",\"inLanguage\":\"es\",\"@id\":\"https:\\\/\\\/carrollinjury.com\\\/es\\\/#\\\/schema\\\/logo\\\/image\\\/\",\"url\":\"https:\\\/\\\/carrollinjury.com\\\/wp-content\\\/uploads\\\/2025\\\/09\\\/carroll-injury-law-graphic.jpg\",\"contentUrl\":\"https:\\\/\\\/carrollinjury.com\\\/wp-content\\\/uploads\\\/2025\\\/09\\\/carroll-injury-law-graphic.jpg\",\"width\":860,\"height\":285,\"caption\":\"Carroll Injury Law\"},\"image\":{\"@id\":\"https:\\\/\\\/carrollinjury.com\\\/es\\\/#\\\/schema\\\/logo\\\/image\\\/\"}}]}<\/script>\n<!-- \/ Yoast SEO plugin. -->","yoast_head_json":{"title":"T\u00e9rminos y condiciones - Carroll Injury Law","robots":{"index":"index","follow":"follow","max-snippet":"max-snippet:-1","max-image-preview":"max-image-preview:large","max-video-preview":"max-video-preview:-1"},"canonical":"https:\/\/carrollinjury.com\/es\/terminos-y-condiciones\/","og_locale":"es_ES","og_type":"article","og_title":"T\u00e9rminos y condiciones - Carroll Injury Law","og_description":"[vc_row wrap_container=\u00bbyes\u00bb conditional_render=\u00bb%5B%7B%22value_role%22%3A%22administrator%22%7D%5D\u00bb][vc_column][vc_column_text css=\u00bb.vc_custom_1760047603055{margin-top: 0px !important;margin-bottom: 0px !important;padding-top: 30px !important;padding-bottom: 30px !important;}\u00bb] T\u00e9rminos y condiciones Fecha de entrada en vigor: 23 de septiembre de 2025 Bienvenido al sitio web de Carroll Injury Law, PLLC (\u201cCarroll Injury Law\u201d, \u201cnosotros\u201d o \u201cnuestro\u201d). Al acceder a este sitio web, ubicado en carrollinjury.com, el \u201cSitio web\u201d, usted acepta cumplir [&hellip;]","og_url":"https:\/\/carrollinjury.com\/es\/terminos-y-condiciones\/","og_site_name":"Carroll Injury Law","article_modified_time":"2025-10-28T20:22:09+00:00","twitter_card":"summary_large_image","twitter_misc":{"Tiempo de lectura":"6 minutos"},"schema":{"@context":"https:\/\/schema.org","@graph":[{"@type":"WebPage","@id":"https:\/\/carrollinjury.com\/es\/terminos-y-condiciones\/","url":"https:\/\/carrollinjury.com\/es\/terminos-y-condiciones\/","name":"T\u00e9rminos y condiciones - Carroll Injury Law","isPartOf":{"@id":"https:\/\/carrollinjury.com\/es\/#website"},"datePublished":"2025-10-09T00:45:14+00:00","dateModified":"2025-10-28T20:22:09+00:00","breadcrumb":{"@id":"https:\/\/carrollinjury.com\/es\/terminos-y-condiciones\/#breadcrumb"},"inLanguage":"es","potentialAction":[{"@type":"ReadAction","target":["https:\/\/carrollinjury.com\/es\/terminos-y-condiciones\/"]}]},{"@type":"BreadcrumbList","@id":"https:\/\/carrollinjury.com\/es\/terminos-y-condiciones\/#breadcrumb","itemListElement":[{"@type":"ListItem","position":1,"name":"Home","item":"https:\/\/carrollinjury.com\/es\/inicio\/"},{"@type":"ListItem","position":2,"name":"T\u00e9rminos y condiciones"}]},{"@type":"WebSite","@id":"https:\/\/carrollinjury.com\/es\/#website","url":"https:\/\/carrollinjury.com\/es\/","name":"Carroll Injury Law","description":"Florida Personal Injury Law Firm","publisher":{"@id":"https:\/\/carrollinjury.com\/es\/#organization"},"potentialAction":[{"@type":"SearchAction","target":{"@type":"EntryPoint","urlTemplate":"https:\/\/carrollinjury.com\/es\/?s={search_term_string}"},"query-input":{"@type":"PropertyValueSpecification","valueRequired":true,"valueName":"search_term_string"}}],"inLanguage":"es"},{"@type":"Organization","@id":"https:\/\/carrollinjury.com\/es\/#organization","name":"Carroll Injury Law","url":"https:\/\/carrollinjury.com\/es\/","logo":{"@type":"ImageObject","inLanguage":"es","@id":"https:\/\/carrollinjury.com\/es\/#\/schema\/logo\/image\/","url":"https:\/\/carrollinjury.com\/wp-content\/uploads\/2025\/09\/carroll-injury-law-graphic.jpg","contentUrl":"https:\/\/carrollinjury.com\/wp-content\/uploads\/2025\/09\/carroll-injury-law-graphic.jpg","width":860,"height":285,"caption":"Carroll Injury Law"},"image":{"@id":"https:\/\/carrollinjury.com\/es\/#\/schema\/logo\/image\/"}}]}},"_links":{"self":[{"href":"https:\/\/carrollinjury.com\/es\/wp-json\/wp\/v2\/pages\/5422","targetHints":{"allow":["GET"]}}],"collection":[{"href":"https:\/\/carrollinjury.com\/es\/wp-json\/wp\/v2\/pages"}],"about":[{"href":"https:\/\/carrollinjury.com\/es\/wp-json\/wp\/v2\/types\/page"}],"author":[{"embeddable":true,"href":"https:\/\/carrollinjury.com\/es\/wp-json\/wp\/v2\/users\/1"}],"replies":[{"embeddable":true,"href":"https:\/\/carrollinjury.com\/es\/wp-json\/wp\/v2\/comments?post=5422"}],"version-history":[{"count":9,"href":"https:\/\/carrollinjury.com\/es\/wp-json\/wp\/v2\/pages\/5422\/revisions"}],"predecessor-version":[{"id":5463,"href":"https:\/\/carrollinjury.com\/es\/wp-json\/wp\/v2\/pages\/5422\/revisions\/5463"}],"wp:attachment":[{"href":"https:\/\/carrollinjury.com\/es\/wp-json\/wp\/v2\/media?parent=5422"}],"curies":[{"name":"wp","href":"https:\/\/api.w.org\/{rel}","templated":true}]}}