{"id":5261,"date":"2016-06-14T06:15:58","date_gmt":"2016-06-14T06:15:58","guid":{"rendered":"https:\/\/carrollinjury.com\/contactenos\/"},"modified":"2025-12-27T20:23:48","modified_gmt":"2025-12-27T20:23:48","slug":"contactenos","status":"publish","type":"page","link":"https:\/\/carrollinjury.com\/es\/contactenos\/","title":{"rendered":"Cont\u00e1ctenos"},"content":{"rendered":"<div class=\"wpb-content-wrapper\"><p>[vc_row full_width=\u00bbstretch_row_content_no_spaces\u00bb][vc_column][vc_raw_html css=\u00bb\u00bb]PGlmcmFtZSBzcmM9Imh0dHBzOi8vd3d3Lmdvb2dsZS5jb20vbWFwcy9lbWJlZD9wYj0hMW0xOCExbTEyITFtMyExZDM4OTE2OTcuOTY3Nzc1MTI2ITJkLTgzLjU2MjkwMTgxNDQ2MjczITNkMjcuNzk4OTU3NDA5Mzc2Njk4ITJtMyExZjAhMmYwITNmMCEzbTIhMWkxMDI0ITJpNzY4ITRmMTMuMSEzbTMhMW0yITFzMHg4OGMxNzY2NTkxNTYyYWJmJTNBMHhmNzJlMTNkMzViYzc0ZWQwITJzRmxvcmlkYSE1ZTEhM20yITFzZW4hMnN1cyE0djE3NTc0ODA4MDA3NzEhNW0yITFzZW4hMnN1cyIgd2lkdGg9IjEwMCUiIGhlaWdodD0iNDUwIiBzdHlsZT0iYm9yZGVyOjA7IiBhbGxvd2Z1bGxzY3JlZW49IiIgbG9hZGluZz0ibGF6eSIgcmVmZXJyZXJwb2xpY3k9Im5vLXJlZmVycmVyLXdoZW4tZG93bmdyYWRlIj48L2lmcmFtZT4=[\/vc_raw_html][\/vc_column][\/vc_row][vc_row wrap_container=\u00bbyes\u00bb el_class=\u00bbm-b-xl\u00bb][vc_column width=\u00bb1\/2&#8243;]<div class=\"wpb_custom_49e052583ee8abe6341e6e34591864b6\">\n<div class=\"wpcf7 no-js\" id=\"wpcf7-f4681-o1\" lang=\"es-ES\" dir=\"ltr\" data-wpcf7-id=\"4681\">\n<div class=\"screen-reader-response\"><p role=\"status\" aria-live=\"polite\" aria-atomic=\"true\"><\/p> <ul><\/ul><\/div>\n<form action=\"\/es\/wp-json\/wp\/v2\/pages\/5261#wpcf7-f4681-o1\" method=\"post\" class=\"wpcf7-form init\" aria-label=\"Formulario de contacto\" novalidate=\"novalidate\" data-status=\"init\">\n<fieldset class=\"hidden-fields-container\"><input type=\"hidden\" name=\"_wpcf7\" value=\"4681\" \/><input type=\"hidden\" name=\"_wpcf7_version\" value=\"6.1.5\" \/><input type=\"hidden\" name=\"_wpcf7_locale\" value=\"es_ES\" \/><input type=\"hidden\" name=\"_wpcf7_unit_tag\" value=\"wpcf7-f4681-o1\" \/><input type=\"hidden\" name=\"_wpcf7_container_post\" value=\"0\" \/><input type=\"hidden\" name=\"_wpcf7_posted_data_hash\" value=\"\" \/>\n<\/fieldset>\n<script>\n  document.addEventListener( 'wpcf7mailsent', function( event ) {\n    document.querySelectorAll(\"form.wpcf7-form > :not(.wpcf7-response-output)\").forEach(el => {\n      el.style.display = 'none';\n    });\n  }, false );\n<\/script>\n<div class=\"contact row form-row\">\n    <div class=\"col-lg-6\">\n        <div class=\"form-group\">\n  <span class=\"wpcf7-form-control-wrap\" data-name=\"your-name\"><input size=\"40\" maxlength=\"400\" class=\"wpcf7-form-control wpcf7-text wpcf7-validates-as-required form-control\" id=\"contact-name\" aria-required=\"true\" aria-invalid=\"false\" placeholder=\"Nombre*\" value=\"\" type=\"text\" name=\"your-name\" \/><\/span>\n        <\/div>\n    <\/div>\n    <div class=\"col-lg-6\">\n        <div class=\"form-group\">\n  <span class=\"wpcf7-form-control-wrap\" data-name=\"your-email\"><input size=\"40\" maxlength=\"400\" class=\"wpcf7-form-control wpcf7-email wpcf7-validates-as-required wpcf7-text wpcf7-validates-as-email form-control\" id=\"contact-email\" aria-required=\"true\" aria-invalid=\"false\" placeholder=\"Correo electr\u00f3nico*\" value=\"\" type=\"email\" name=\"your-email\" \/><\/span>\n        <\/div>\n    <\/div>\n    <div class=\"col-lg-6\">\n        <div class=\"form-group\">\n  <span class=\"wpcf7-form-control-wrap\" data-name=\"your-phone\"><input size=\"40\" maxlength=\"400\" class=\"wpcf7-form-control wpcf7-text wpcf7-validates-as-required form-control\" id=\"contact-phone\" aria-required=\"true\" aria-invalid=\"false\" placeholder=\"Tel\u00e9fono*\" value=\"\" type=\"text\" name=\"your-phone\" \/><\/span>\n        <\/div>\n    <\/div>\n    <div class=\"col-lg-6\">\n        <div class=\"form-group\">\n            <span class=\"wpcf7-form-control-wrap\" data-name=\"your-subject\"><input size=\"40\" maxlength=\"400\" class=\"wpcf7-form-control wpcf7-text form-control\" id=\"contact-subject\" aria-invalid=\"false\" placeholder=\"Asunto\" value=\"\" type=\"text\" name=\"your-subject\" \/><\/span>\n        <\/div>\n    <\/div>\n    <div class=\"col-lg-12\">\n        <div class=\"form-group\">\n            <span class=\"wpcf7-form-control-wrap\" data-name=\"your-message\"><textarea cols=\"40\" rows=\"10\" maxlength=\"2000\" class=\"wpcf7-form-control wpcf7-textarea form-control\" id=\"contact-message\" aria-invalid=\"false\" placeholder=\"Mensaje\" name=\"your-message\"><\/textarea><\/span>\n        <\/div>\n    <\/div>\n    <div class=\"col-lg-12\">\n        <div class=\"form-group formcheckmark\">\n            <span class=\"wpcf7-form-control-wrap\" data-name=\"checkbox-840\"><span class=\"wpcf7-form-control wpcf7-checkbox wpcf7-validates-as-required\"><span class=\"wpcf7-list-item first last\"><label><input type=\"checkbox\" name=\"checkbox-840[]\" value=\"Consiento expl\u00edcitamente recibir comunicaciones automatizadas, incluyendo llamadas, mensajes de texto, correos electr\u00f3nicos y\/o mensajes pregrabados.\" checked=\"checked\" \/><span class=\"wpcf7-list-item-label\">Consiento expl\u00edcitamente recibir comunicaciones automatizadas, incluyendo llamadas, mensajes de texto, correos electr\u00f3nicos y\/o mensajes pregrabados.<\/span><\/label><\/span><\/span><\/span> <label><a href=\"\/\/carrollinjury.com\/terms\" target=\"_blank\" style=\"color:#fff;text-decoration:underline;\">T\u00e9rminos<\/a> y <a href=\"\/\/carrollinjury.com\/privacy\" target=\"_blank\" style=\"color:#fff;text-decoration:underline;\">Privacidad<\/a>.<\/label>\n        <\/div>\n    <\/div>\n    <div class=\"col-lg-12\">\n        <p class=\"form-group wpcf7-submit-wrap\"><input class=\"wpcf7-form-control wpcf7-submit has-spinner btn btn-primary btn-modern\" type=\"submit\" value=\"Enviar mensaje\" \/><\/p>\n    <\/div>\n<\/div><div class=\"wpcf7-response-output\" aria-hidden=\"true\"><\/div>\n<\/form>\n<\/div>\n<\/div>[vc_column_text css=\u00bb.vc_custom_1756320403806{margin-top: 0px !important;margin-bottom: 0px !important;padding-top: 10px !important;padding-bottom: 15px !important;}\u00bb text_color=\u00bb#27295e\u00bb]<\/p>\n<h2>Comience hoy mismo: consulta gratuita<\/h2>\n<p>[\/vc_column_text][vc_column_text css=\u00bb.vc_custom_1756319661751{margin-bottom: 0px !important;}\u00bb]Dar el primer paso hacia la justicia suele ser la parte m\u00e1s dif\u00edcil. Por eso, Patrick Carroll ofrece consultas gratuitas para hablar sobre su caso, responder a sus preguntas y explicarle sus opciones. Hablar\u00e1 directamente con el abogado Carroll, no solo con un administrador de casos, para que pueda sentirse seguro de sus pr\u00f3ximos pasos.[\/vc_column_text][\/vc_column][vc_column width=\u00bb1\/2&#8243; el_class=\u00bbinfo-box-small\u00bb][vc_custom_heading text=\u00bb<strong>Carroll Injury Law<\/strong>\u00bb font_container=\u00bbtag:h2|font_size:2.25rem|text_align:left|line_height:27px\u00bb use_theme_fonts=\u00bbyes\u00bb skin=\u00bbprimary\u00bb css=\u00bb.vc_custom_1756320326359{margin-top: 0px !important;margin-bottom: 0px !important;padding-top: 0px !important;padding-bottom: 15px !important;}\u00bb css_params=\u00bb\u00bb]<a class=\"porto-sicon-box-link\" href=\"tel:7543454583\" target='_blank'><div class=\"porto-sicon-box  wpb_custom_cb26af0b726ed7d63038bcfa71ef683b style_1 default-icon\"><div class=\"porto-sicon-default\"><div class=\"porto-just-icon-wrapper porto-icon advanced\" style=\"color:var(--porto-primary-color);border-style:solid;border-color:var(--porto-primary-color);border-width:1px;width:25px;height:25px;line-height:25px;border-radius:25px;font-size:12px;\"><i class=\"fas fa-mobile-alt\"><\/i><\/div><\/div><div class=\"porto-sicon-header\"><p>&lt;strong&gt;Tel\u00e9fono&lt;\/strong&gt;: (754) 345-4583<\/p><\/div> <!-- header --><\/div><!-- porto-sicon-box --><\/a><a class=\"porto-sicon-box-link\" href=\"tel:7543454583\" target='_blank'><div class=\"porto-sicon-box  wpb_custom_cb26af0b726ed7d63038bcfa71ef683b style_1 default-icon\"><div class=\"porto-sicon-default\"><div class=\"porto-just-icon-wrapper porto-icon advanced\" style=\"color:var(--porto-primary-color);border-style:solid;border-color:var(--porto-primary-color);border-width:1px;width:25px;height:25px;line-height:25px;border-radius:25px;font-size:12px;\"><i class=\"fas fa-map-marker-alt\"><\/i><\/div><\/div><div class=\"porto-sicon-header\"><p>&lt;strong&gt;Tel\u00e9fono&lt;\/strong&gt;: 2640 Hollywood Blvd, Suite 120, Hollywood, FL 33020<\/p><\/div> <!-- header --><\/div><!-- porto-sicon-box --><\/a>[vc_custom_heading text=\u00bb<strong>Horario<\/strong> comercial\u00bb font_container=\u00bbtag:h3|font_size:1.95rem|text_align:left|line_height:27px\u00bb use_theme_fonts=\u00bbyes\u00bb skin=\u00bbprimary\u00bb css=\u00bb.vc_custom_1756320351127{margin-top: 0px !important;margin-bottom: 0px !important;padding-top: 20px !important;padding-bottom: 15px !important;}\u00bb el_class=\u00bbmt-5&#8243; css_params=\u00bb\u00bb]<div class=\"porto-sicon-box  wpb_custom_991192e517ba80822b25b68bbbc51b14 style_1 default-icon\"><div class=\"porto-sicon-default\"><div class=\"porto-just-icon-wrapper porto-icon none\" style=\"font-size:14px;\"><i class=\"far fa-clock\"><\/i><\/div><\/div><div class=\"porto-sicon-header\"><p>Lunes a viernes de 9:00 a 17:00<\/p><\/div> <!-- header --><\/div><!-- porto-sicon-box --><div class=\"porto-sicon-box  wpb_custom_991192e517ba80822b25b68bbbc51b14 style_1 default-icon\"><div class=\"porto-sicon-default\"><div class=\"porto-just-icon-wrapper porto-icon none\" style=\"font-size:14px;\"><i class=\"far fa-clock\"><\/i><\/div><\/div><div class=\"porto-sicon-header\"><p>S\u00e1bado: de 9:00 a 14:00<\/p><\/div> <!-- header --><\/div><!-- porto-sicon-box --><div class=\"porto-sicon-box  wpb_custom_991192e517ba80822b25b68bbbc51b14 style_1 default-icon\"><div class=\"porto-sicon-default\"><div class=\"porto-just-icon-wrapper porto-icon none\" style=\"font-size:14px;\"><i class=\"far fa-clock\"><\/i><\/div><\/div><div class=\"porto-sicon-header\"><p>Domingo: cerrado<\/p><\/div> <!-- header --><\/div><!-- porto-sicon-box -->[vc_column_text css=\u00bb.vc_custom_1757480895024{margin-top: 0px !important;margin-bottom: 0px !important;padding-top: 5px !important;padding-bottom: 15px !important;}\u00bb text_color=\u00bb#27295e\u00bb]<\/p>\n<h2>Servicio en toda Florida<\/h2>\n<p>[\/vc_column_text][vc_column_text css=\u00bb.vc_custom_1756320204671{margin-top: 0px !important;margin-bottom: 0px !important;padding-top: 0px !important;padding-bottom: 5px !important;}\u00bb]<span style=\"font-size: 18px;\">Estamos orgullosos de atender a clientes en:<\/span>[\/vc_column_text][vc_row_inner css=\u00bb.vc_custom_1756319137324{margin-top: 0px !important;margin-bottom: 0px !important;padding-top: 0px !important;padding-bottom: 0px !important;}\u00bb][vc_column_inner width=\u00bb1\/2&#8243;][vc_column_text css=\u00bb\u00bb]<\/p>\n<ul>\n<li><span style=\"font-size: 17px;\">Fort Lauderdale<\/span><\/li>\n<li><span style=\"font-size: 17px;\">Hollywood<\/span><\/li>\n<li><span style=\"font-size: 17px;\">Pembroke Pines<\/span><\/li>\n<li><span style=\"font-size: 17px;\">Coral Springs<\/span><\/li>\n<li><span style=\"font-size: 17px;\">Plantation<\/span><\/li>\n<li><span style=\"font-size: 17px;\">Miami<\/span><\/li>\n<li><span style=\"font-size: 17px;\">West Palm Beach<\/span><\/li>\n<li><span style=\"font-size: 17px;\">Orlando<\/span><\/li>\n<\/ul>\n<p>[\/vc_column_text][\/vc_column_inner][vc_column_inner width=\u00bb1\/2&#8243;][vc_column_text css=\u00bb\u00bb]<\/p>\n<ul>\n<li><span style=\"font-size: 17px;\">Jacksonville<\/span><\/li>\n<li><span style=\"font-size: 17px;\">Tampa<\/span><\/li>\n<li><span style=\"font-size: 17px;\">Miramar<\/span><\/li>\n<li><span style=\"font-size: 17px;\">Davie<\/span><\/li>\n<li><span style=\"font-size: 17px;\">Sunrise<\/span><\/li>\n<li><span style=\"font-size: 17px;\">Weston<\/span><\/li>\n<li><span style=\"font-size: 17px;\">Pompano Beach<\/span><\/li>\n<li><span style=\"font-size: 17px;\">Toda Florida<\/span><\/li>\n<\/ul>\n<p>[\/vc_column_text][\/vc_column_inner][\/vc_row_inner][\/vc_column][\/vc_row][vc_row wrap_container=\u00bbyes\u00bb el_class=\u00bbcall-to-action-in-footer\u00bb css=\u00bb.vc_custom_1760194908526{margin-top: 0px !important;margin-bottom: 0px !important;padding-top: 40px !important;padding-bottom: 15px !important;background-color: #27295e !important;}\u00bb conditional_render=\u00bb%5B%7B%22value_role%22%3A%22administrator%22%7D%5D\u00bb][vc_column][vc_column_text css=\u00bb.vc_custom_1760195650235{margin-top: 0px !important;margin-bottom: 0px !important;padding-top: 0px !important;padding-bottom: 0px !important;}\u00bb el_class=\u00bbwhite-text\u00bb]<\/p>\n<p style=\"text-align: center;\"><span style=\"font-size: 25px;\">Est\u00e9 donde est\u00e9 en Florida, el bufete de abogados de Patrick Carroll est\u00e1 listo para<br \/>apoyarle y luchar por la justicia y la compensaci\u00f3n que se merece.<\/span><\/p>\n<p>[\/vc_column_text][vc_column_text css=\u00bb.vc_custom_1759792934933{margin-top: 0px !important;margin-bottom: 0px !important;padding-top: 20px !important;padding-bottom: 0px !important;}\u00bb el_class=\u00bbwhite-text\u00bb]<\/p>\n<p style=\"text-align: center;\"><span style=\"font-size: 35px;\">Tel\u00e9fono: <span style=\"color: #ffffff;\"><a style=\"color: #ffffff;\" href=\"tel:7543454583\" target=\"_blank\" rel=\"noopener\">754.345.4583<\/a><\/span><\/span><\/p>\n<p>[\/vc_column_text][vc_column_text css=\u00bb.vc_custom_1760194871523{margin-top: 0px !important;margin-bottom: 0px !important;padding-top: 10px !important;padding-bottom: 12px !important;}\u00bb el_class=\u00bbwhite-text\u00bb]<\/p>\n<p style=\"text-align: center;\"><span style=\"font-size: 25px;\">~ disponible 24\/7 ~<\/span><\/p>\n<p>[\/vc_column_text][\/vc_column][\/vc_row]<\/p>\n<\/div>","protected":false},"excerpt":{"rendered":"<p>[vc_row full_width=\u00bbstretch_row_content_no_spaces\u00bb][vc_column][vc_raw_html css=\u00bb\u00bb]PGlmcmFtZSBzcmM9Imh0dHBzOi8vd3d3Lmdvb2dsZS5jb20vbWFwcy9lbWJlZD9wYj0hMW0xOCExbTEyITFtMyExZDM4OTE2OTcuOTY3Nzc1MTI2ITJkLTgzLjU2MjkwMTgxNDQ2MjczITNkMjcuNzk4OTU3NDA5Mzc2Njk4ITJtMyExZjAhMmYwITNmMCEzbTIhMWkxMDI0ITJpNzY4ITRmMTMuMSEzbTMhMW0yITFzMHg4OGMxNzY2NTkxNTYyYWJmJTNBMHhmNzJlMTNkMzViYzc0ZWQwITJzRmxvcmlkYSE1ZTEhM20yITFzZW4hMnN1cyE0djE3NTc0ODA4MDA3NzEhNW0yITFzZW4hMnN1cyIgd2lkdGg9IjEwMCUiIGhlaWdodD0iNDUwIiBzdHlsZT0iYm9yZGVyOjA7IiBhbGxvd2Z1bGxzY3JlZW49IiIgbG9hZGluZz0ibGF6eSIgcmVmZXJyZXJwb2xpY3k9Im5vLXJlZmVycmVyLXdoZW4tZG93bmdyYWRlIj48L2lmcmFtZT4=[\/vc_raw_html][\/vc_column][\/vc_row][vc_row wrap_container=\u00bbyes\u00bb el_class=\u00bbm-b-xl\u00bb][vc_column width=\u00bb1\/2&#8243;][vc_column_text css=\u00bb.vc_custom_1756320403806{margin-top: 0px !important;margin-bottom: 0px !important;padding-top: 10px !important;padding-bottom: 15px !important;}\u00bb text_color=\u00bb#27295e\u00bb] Comience hoy mismo: consulta gratuita [\/vc_column_text][vc_column_text css=\u00bb.vc_custom_1756319661751{margin-bottom: 0px !important;}\u00bb]Dar el primer paso hacia la justicia suele ser la parte m\u00e1s dif\u00edcil. Por eso, Patrick Carroll ofrece consultas gratuitas para hablar sobre su caso, responder a sus preguntas y explicarle [&hellip;]<\/p>\n","protected":false},"author":1,"featured_media":0,"parent":0,"menu_order":0,"comment_status":"closed","ping_status":"closed","template":"","meta":{"footnotes":""},"class_list":["post-5261","page","type-page","status-publish","hentry"],"yoast_head":"<!-- This site is optimized with the Yoast SEO plugin v27.4 - https:\/\/yoast.com\/product\/yoast-seo-wordpress\/ -->\n<title>Contacte con Carroll Injury Law | Evaluaci\u00f3n gratuita del caso<\/title>\n<meta name=\"description\" content=\"P\u00f3ngase en contacto con Carroll Injury Law para una consulta gratuita. El abogado Patrick Carroll ayuda a las v\u00edctimas de lesiones y a los empleados en toda Florida. Ll\u00e1menos o env\u00edenos un mensaje hoy mismo.\" \/>\n<meta name=\"robots\" content=\"index, follow, max-snippet:-1, max-image-preview:large, max-video-preview:-1\" \/>\n<link rel=\"canonical\" href=\"https:\/\/carrollinjury.com\/es\/contactenos\/\" \/>\n<meta property=\"og:locale\" content=\"es_ES\" \/>\n<meta property=\"og:type\" content=\"article\" \/>\n<meta property=\"og:title\" content=\"Contacte con Carroll Injury Law | Evaluaci\u00f3n gratuita del caso\" \/>\n<meta property=\"og:description\" content=\"P\u00f3ngase en contacto con Carroll Injury Law para una consulta gratuita. El abogado Patrick Carroll ayuda a las v\u00edctimas de lesiones y a los empleados en toda Florida. Ll\u00e1menos o env\u00edenos un mensaje hoy mismo.\" \/>\n<meta property=\"og:url\" content=\"https:\/\/carrollinjury.com\/es\/contactenos\/\" \/>\n<meta property=\"og:site_name\" content=\"Carroll Injury Law\" \/>\n<meta property=\"article:modified_time\" content=\"2025-12-27T20:23:48+00:00\" \/>\n<meta name=\"twitter:card\" content=\"summary_large_image\" \/>\n<meta name=\"twitter:label1\" content=\"Tiempo de lectura\" \/>\n\t<meta name=\"twitter:data1\" content=\"4 minutos\" \/>\n<script type=\"application\/ld+json\" class=\"yoast-schema-graph\">{\"@context\":\"https:\\\/\\\/schema.org\",\"@graph\":[{\"@type\":\"WebPage\",\"@id\":\"https:\\\/\\\/carrollinjury.com\\\/es\\\/contactenos\\\/\",\"url\":\"https:\\\/\\\/carrollinjury.com\\\/es\\\/contactenos\\\/\",\"name\":\"Contacte con Carroll Injury Law | Evaluaci\u00f3n gratuita del caso\",\"isPartOf\":{\"@id\":\"https:\\\/\\\/carrollinjury.com\\\/es\\\/#website\"},\"datePublished\":\"2016-06-14T06:15:58+00:00\",\"dateModified\":\"2025-12-27T20:23:48+00:00\",\"description\":\"P\u00f3ngase en contacto con Carroll Injury Law para una consulta gratuita. El abogado Patrick Carroll ayuda a las v\u00edctimas de lesiones y a los empleados en toda Florida. Ll\u00e1menos o env\u00edenos un mensaje hoy mismo.\",\"breadcrumb\":{\"@id\":\"https:\\\/\\\/carrollinjury.com\\\/es\\\/contactenos\\\/#breadcrumb\"},\"inLanguage\":\"es\",\"potentialAction\":[{\"@type\":\"ReadAction\",\"target\":[\"https:\\\/\\\/carrollinjury.com\\\/es\\\/contactenos\\\/\"]}]},{\"@type\":\"BreadcrumbList\",\"@id\":\"https:\\\/\\\/carrollinjury.com\\\/es\\\/contactenos\\\/#breadcrumb\",\"itemListElement\":[{\"@type\":\"ListItem\",\"position\":1,\"name\":\"Home\",\"item\":\"https:\\\/\\\/carrollinjury.com\\\/es\\\/inicio\\\/\"},{\"@type\":\"ListItem\",\"position\":2,\"name\":\"Cont\u00e1ctenos\"}]},{\"@type\":\"WebSite\",\"@id\":\"https:\\\/\\\/carrollinjury.com\\\/es\\\/#website\",\"url\":\"https:\\\/\\\/carrollinjury.com\\\/es\\\/\",\"name\":\"Carroll Injury Law\",\"description\":\"Florida Personal Injury Law Firm\",\"publisher\":{\"@id\":\"https:\\\/\\\/carrollinjury.com\\\/es\\\/#organization\"},\"potentialAction\":[{\"@type\":\"SearchAction\",\"target\":{\"@type\":\"EntryPoint\",\"urlTemplate\":\"https:\\\/\\\/carrollinjury.com\\\/es\\\/?s={search_term_string}\"},\"query-input\":{\"@type\":\"PropertyValueSpecification\",\"valueRequired\":true,\"valueName\":\"search_term_string\"}}],\"inLanguage\":\"es\"},{\"@type\":\"Organization\",\"@id\":\"https:\\\/\\\/carrollinjury.com\\\/es\\\/#organization\",\"name\":\"Carroll Injury Law\",\"url\":\"https:\\\/\\\/carrollinjury.com\\\/es\\\/\",\"logo\":{\"@type\":\"ImageObject\",\"inLanguage\":\"es\",\"@id\":\"https:\\\/\\\/carrollinjury.com\\\/es\\\/#\\\/schema\\\/logo\\\/image\\\/\",\"url\":\"https:\\\/\\\/carrollinjury.com\\\/wp-content\\\/uploads\\\/2025\\\/09\\\/carroll-injury-law-graphic.jpg\",\"contentUrl\":\"https:\\\/\\\/carrollinjury.com\\\/wp-content\\\/uploads\\\/2025\\\/09\\\/carroll-injury-law-graphic.jpg\",\"width\":860,\"height\":285,\"caption\":\"Carroll Injury Law\"},\"image\":{\"@id\":\"https:\\\/\\\/carrollinjury.com\\\/es\\\/#\\\/schema\\\/logo\\\/image\\\/\"}}]}<\/script>\n<!-- \/ Yoast SEO plugin. -->","yoast_head_json":{"title":"Contacte con Carroll Injury Law | Evaluaci\u00f3n gratuita del caso","description":"P\u00f3ngase en contacto con Carroll Injury Law para una consulta gratuita. El abogado Patrick Carroll ayuda a las v\u00edctimas de lesiones y a los empleados en toda Florida. Ll\u00e1menos o env\u00edenos un mensaje hoy mismo.","robots":{"index":"index","follow":"follow","max-snippet":"max-snippet:-1","max-image-preview":"max-image-preview:large","max-video-preview":"max-video-preview:-1"},"canonical":"https:\/\/carrollinjury.com\/es\/contactenos\/","og_locale":"es_ES","og_type":"article","og_title":"Contacte con Carroll Injury Law | Evaluaci\u00f3n gratuita del caso","og_description":"P\u00f3ngase en contacto con Carroll Injury Law para una consulta gratuita. El abogado Patrick Carroll ayuda a las v\u00edctimas de lesiones y a los empleados en toda Florida. Ll\u00e1menos o env\u00edenos un mensaje hoy mismo.","og_url":"https:\/\/carrollinjury.com\/es\/contactenos\/","og_site_name":"Carroll Injury Law","article_modified_time":"2025-12-27T20:23:48+00:00","twitter_card":"summary_large_image","twitter_misc":{"Tiempo de lectura":"4 minutos"},"schema":{"@context":"https:\/\/schema.org","@graph":[{"@type":"WebPage","@id":"https:\/\/carrollinjury.com\/es\/contactenos\/","url":"https:\/\/carrollinjury.com\/es\/contactenos\/","name":"Contacte con Carroll Injury Law | Evaluaci\u00f3n gratuita del caso","isPartOf":{"@id":"https:\/\/carrollinjury.com\/es\/#website"},"datePublished":"2016-06-14T06:15:58+00:00","dateModified":"2025-12-27T20:23:48+00:00","description":"P\u00f3ngase en contacto con Carroll Injury Law para una consulta gratuita. El abogado Patrick Carroll ayuda a las v\u00edctimas de lesiones y a los empleados en toda Florida. Ll\u00e1menos o env\u00edenos un mensaje hoy mismo.","breadcrumb":{"@id":"https:\/\/carrollinjury.com\/es\/contactenos\/#breadcrumb"},"inLanguage":"es","potentialAction":[{"@type":"ReadAction","target":["https:\/\/carrollinjury.com\/es\/contactenos\/"]}]},{"@type":"BreadcrumbList","@id":"https:\/\/carrollinjury.com\/es\/contactenos\/#breadcrumb","itemListElement":[{"@type":"ListItem","position":1,"name":"Home","item":"https:\/\/carrollinjury.com\/es\/inicio\/"},{"@type":"ListItem","position":2,"name":"Cont\u00e1ctenos"}]},{"@type":"WebSite","@id":"https:\/\/carrollinjury.com\/es\/#website","url":"https:\/\/carrollinjury.com\/es\/","name":"Carroll Injury Law","description":"Florida Personal Injury Law Firm","publisher":{"@id":"https:\/\/carrollinjury.com\/es\/#organization"},"potentialAction":[{"@type":"SearchAction","target":{"@type":"EntryPoint","urlTemplate":"https:\/\/carrollinjury.com\/es\/?s={search_term_string}"},"query-input":{"@type":"PropertyValueSpecification","valueRequired":true,"valueName":"search_term_string"}}],"inLanguage":"es"},{"@type":"Organization","@id":"https:\/\/carrollinjury.com\/es\/#organization","name":"Carroll Injury Law","url":"https:\/\/carrollinjury.com\/es\/","logo":{"@type":"ImageObject","inLanguage":"es","@id":"https:\/\/carrollinjury.com\/es\/#\/schema\/logo\/image\/","url":"https:\/\/carrollinjury.com\/wp-content\/uploads\/2025\/09\/carroll-injury-law-graphic.jpg","contentUrl":"https:\/\/carrollinjury.com\/wp-content\/uploads\/2025\/09\/carroll-injury-law-graphic.jpg","width":860,"height":285,"caption":"Carroll Injury Law"},"image":{"@id":"https:\/\/carrollinjury.com\/es\/#\/schema\/logo\/image\/"}}]}},"_links":{"self":[{"href":"https:\/\/carrollinjury.com\/es\/wp-json\/wp\/v2\/pages\/5261","targetHints":{"allow":["GET"]}}],"collection":[{"href":"https:\/\/carrollinjury.com\/es\/wp-json\/wp\/v2\/pages"}],"about":[{"href":"https:\/\/carrollinjury.com\/es\/wp-json\/wp\/v2\/types\/page"}],"author":[{"embeddable":true,"href":"https:\/\/carrollinjury.com\/es\/wp-json\/wp\/v2\/users\/1"}],"replies":[{"embeddable":true,"href":"https:\/\/carrollinjury.com\/es\/wp-json\/wp\/v2\/comments?post=5261"}],"version-history":[{"count":10,"href":"https:\/\/carrollinjury.com\/es\/wp-json\/wp\/v2\/pages\/5261\/revisions"}],"predecessor-version":[{"id":5480,"href":"https:\/\/carrollinjury.com\/es\/wp-json\/wp\/v2\/pages\/5261\/revisions\/5480"}],"wp:attachment":[{"href":"https:\/\/carrollinjury.com\/es\/wp-json\/wp\/v2\/media?parent=5261"}],"curies":[{"name":"wp","href":"https:\/\/api.w.org\/{rel}","templated":true}]}}